{"id":317,"date":"2017-03-31T09:47:09","date_gmt":"2017-03-31T08:47:09","guid":{"rendered":"http:\/\/www.afdce.org\/?page_id=317"},"modified":"2023-04-11T11:37:21","modified_gmt":"2023-04-11T10:37:21","slug":"infos","status":"publish","type":"page","link":"http:\/\/www.afdce.org\/?page_id=317","title":{"rendered":"Infos"},"content":{"rendered":"<p><a href=\"http:\/\/www.afdce.org\/wp-content\/uploads\/2017\/03\/depannage-domicile.pdf\">d\u00e9pannage-domicile<\/a><br \/><a href=\"http:\/\/www.afdce.org\/wp-content\/uploads\/2017\/03\/Information-du-consommateurle-droit-de-r\u00e9tractation-nest-pas-applicable-dans-une-foire-ou-un-salon-3-2.pdf\">Information du consommateur le <\/a><a href=\"http:\/\/www.afdce.org\/wp-content\/uploads\/2017\/03\/Information-du-consommateurle-droit-de-r\u00e9tractation-nest-pas-applicable-dans-une-foire-ou-un-salon-3-2.pdf\">droit de r\u00e9tractation n&rsquo;est pas applicable dans une foire ou un salon (3)<\/a><\/p>\n<p><a href=\"http:\/\/www.afdce.org\/wp-content\/uploads\/2017\/03\/mentions-concernant-l\u2019assurance-sur-vos-devis-et-vos-factures-2-2.pdf\">mentions concernant l\u2019assurance sur vos devis et vos factures (2)<\/a><\/p>\n\n\n<div class=\"wp-block-file\"><a href=\"http:\/\/www.afdce.org\/wp-content\/uploads\/2023\/04\/De-nouvelles-mesures-pour-encadrer-le-d\u00e9marchage-t\u00e9l\u00e9phonique-economie.gouv_.fr_.pdf\">De nouvelles mesures pour encadrer le d\u00e9marchage t\u00e9l\u00e9phonique economie.gouv.fr<\/a><a href=\"http:\/\/www.afdce.org\/wp-content\/uploads\/2023\/04\/De-nouvelles-mesures-pour-encadrer-le-d\u00e9marchage-t\u00e9l\u00e9phonique-economie.gouv_.fr_.pdf\" class=\"wp-block-file__button\" download>T\u00e9l\u00e9charger<\/a><\/div>\n","protected":false},"excerpt":{"rendered":"<p>d\u00e9pannage-domicileInformation du consommateur le droit de r\u00e9tractation n&rsquo;est pas applicable dans une foire ou un salon (3) mentions concernant l\u2019assurance sur vos devis et vos factures (2)<\/p>\n","protected":false},"author":1,"featured_media":0,"parent":0,"menu_order":0,"comment_status":"closed","ping_status":"closed","template":"","meta":{"footnotes":""},"class_list":["post-317","page","type-page","status-publish","hentry"],"_links":{"self":[{"href":"http:\/\/www.afdce.org\/index.php?rest_route=\/wp\/v2\/pages\/317","targetHints":{"allow":["GET"]}}],"collection":[{"href":"http:\/\/www.afdce.org\/index.php?rest_route=\/wp\/v2\/pages"}],"about":[{"href":"http:\/\/www.afdce.org\/index.php?rest_route=\/wp\/v2\/types\/page"}],"author":[{"embeddable":true,"href":"http:\/\/www.afdce.org\/index.php?rest_route=\/wp\/v2\/users\/1"}],"replies":[{"embeddable":true,"href":"http:\/\/www.afdce.org\/index.php?rest_route=%2Fwp%2Fv2%2Fcomments&post=317"}],"version-history":[{"count":5,"href":"http:\/\/www.afdce.org\/index.php?rest_route=\/wp\/v2\/pages\/317\/revisions"}],"predecessor-version":[{"id":762,"href":"http:\/\/www.afdce.org\/index.php?rest_route=\/wp\/v2\/pages\/317\/revisions\/762"}],"wp:attachment":[{"href":"http:\/\/www.afdce.org\/index.php?rest_route=%2Fwp%2Fv2%2Fmedia&parent=317"}],"curies":[{"name":"wp","href":"https:\/\/api.w.org\/{rel}","templated":true}]}}