{"id":52,"date":"2016-03-15T11:43:52","date_gmt":"2016-03-15T10:43:52","guid":{"rendered":"http:\/\/www.afdce.org\/?page_id=52"},"modified":"2020-07-03T16:51:04","modified_gmt":"2020-07-03T15:51:04","slug":"contact","status":"publish","type":"page","link":"http:\/\/www.afdce.org\/?page_id=52","title":{"rendered":"Contact"},"content":{"rendered":"<p>Par Mail :\u00a0secretariat@afdce.org<\/p>\n<p>Par Courrier :<br \/>\nAssociation Fran\u00e7aise de D\u00e9fense des Consommateurs Europ\u00e9ens<br \/>\n115 rue Louis Armand \u2013 ZI Les Milles<br \/>\n13290 Aix en Provence<\/p>\n<p>Par T\u00e9l\u00e9phone : 04 42 94 85 54<br \/>\n9 h 00 \u00e0 17 h 30 du Lundi au jeudi<br \/>\n9 h 00 \u00e0 12 h 00 le vendredi<\/p>\n<p>Association loi 1901-D\u00e9clar\u00e9e en sous pr\u00e9fecture sous le num\u00e9ro : w131006282<\/p>\n","protected":false},"excerpt":{"rendered":"<p>Par Mail :\u00a0secretariat@afdce.org Par Courrier : Association Fran\u00e7aise de D\u00e9fense des Consommateurs Europ\u00e9ens 115 rue Louis Armand \u2013 ZI Les Milles 13290 Aix en Provence Par T\u00e9l\u00e9phone : 04 42 94 85 54 9 h 00 \u00e0 17 h 30 du Lundi au jeudi 9 h 00 \u00e0 12 h 00 le vendredi Association loi [&hellip;]<\/p>\n","protected":false},"author":1,"featured_media":0,"parent":0,"menu_order":0,"comment_status":"closed","ping_status":"closed","template":"","meta":{"footnotes":""},"class_list":["post-52","page","type-page","status-publish","hentry"],"_links":{"self":[{"href":"http:\/\/www.afdce.org\/index.php?rest_route=\/wp\/v2\/pages\/52","targetHints":{"allow":["GET"]}}],"collection":[{"href":"http:\/\/www.afdce.org\/index.php?rest_route=\/wp\/v2\/pages"}],"about":[{"href":"http:\/\/www.afdce.org\/index.php?rest_route=\/wp\/v2\/types\/page"}],"author":[{"embeddable":true,"href":"http:\/\/www.afdce.org\/index.php?rest_route=\/wp\/v2\/users\/1"}],"replies":[{"embeddable":true,"href":"http:\/\/www.afdce.org\/index.php?rest_route=%2Fwp%2Fv2%2Fcomments&post=52"}],"version-history":[{"count":2,"href":"http:\/\/www.afdce.org\/index.php?rest_route=\/wp\/v2\/pages\/52\/revisions"}],"predecessor-version":[{"id":592,"href":"http:\/\/www.afdce.org\/index.php?rest_route=\/wp\/v2\/pages\/52\/revisions\/592"}],"wp:attachment":[{"href":"http:\/\/www.afdce.org\/index.php?rest_route=%2Fwp%2Fv2%2Fmedia&parent=52"}],"curies":[{"name":"wp","href":"https:\/\/api.w.org\/{rel}","templated":true}]}}