{"id":566,"date":"2020-02-05T08:07:12","date_gmt":"2020-02-05T07:07:12","guid":{"rendered":"http:\/\/www.afdce.org\/?page_id=566"},"modified":"2020-02-05T08:08:54","modified_gmt":"2020-02-05T07:08:54","slug":"renovation-energetique-les-aides-auxquelles-vous-pouvez-pretendre","status":"publish","type":"page","link":"http:\/\/www.afdce.org\/?page_id=566","title":{"rendered":"R\u00e9novation \u00e9nerg\u00e9tique : les aides auxquelles vous pouvez pr\u00e9tendre"},"content":{"rendered":"<p><a href=\"http:\/\/www.afdce.org\/wp-content\/uploads\/2020\/01\/R\u00e9novation-\u00e9nerg\u00e9tique.20-docx.pdf\">R\u00e9novation \u00e9nerg\u00e9tique.20 docx<\/a><\/p>\n","protected":false},"excerpt":{"rendered":"<p>R\u00e9novation \u00e9nerg\u00e9tique.20 docx<\/p>\n","protected":false},"author":1,"featured_media":0,"parent":317,"menu_order":0,"comment_status":"closed","ping_status":"closed","template":"","meta":{"footnotes":""},"class_list":["post-566","page","type-page","status-publish","hentry"],"_links":{"self":[{"href":"http:\/\/www.afdce.org\/index.php?rest_route=\/wp\/v2\/pages\/566","targetHints":{"allow":["GET"]}}],"collection":[{"href":"http:\/\/www.afdce.org\/index.php?rest_route=\/wp\/v2\/pages"}],"about":[{"href":"http:\/\/www.afdce.org\/index.php?rest_route=\/wp\/v2\/types\/page"}],"author":[{"embeddable":true,"href":"http:\/\/www.afdce.org\/index.php?rest_route=\/wp\/v2\/users\/1"}],"replies":[{"embeddable":true,"href":"http:\/\/www.afdce.org\/index.php?rest_route=%2Fwp%2Fv2%2Fcomments&post=566"}],"version-history":[{"count":2,"href":"http:\/\/www.afdce.org\/index.php?rest_route=\/wp\/v2\/pages\/566\/revisions"}],"predecessor-version":[{"id":584,"href":"http:\/\/www.afdce.org\/index.php?rest_route=\/wp\/v2\/pages\/566\/revisions\/584"}],"up":[{"embeddable":true,"href":"http:\/\/www.afdce.org\/index.php?rest_route=\/wp\/v2\/pages\/317"}],"wp:attachment":[{"href":"http:\/\/www.afdce.org\/index.php?rest_route=%2Fwp%2Fv2%2Fmedia&parent=566"}],"curies":[{"name":"wp","href":"https:\/\/api.w.org\/{rel}","templated":true}]}}